{"id":10637,"date":"2023-02-09T14:19:32","date_gmt":"2023-02-09T14:19:32","guid":{"rendered":"https:\/\/explorecolibri.com\/?page_id=10637"},"modified":"2024-06-22T03:41:05","modified_gmt":"2024-06-22T03:41:05","slug":"expecting-and-new-parents","status":"publish","type":"page","link":"https:\/\/explorecolibri.com\/es\/therapy-services\/expecting-and-new-parents\/","title":{"rendered":"Terapia para Madres y Padres Primerizas(os)"},"content":{"rendered":"<div data-elementor-type=\"wp-page\" data-elementor-id=\"10637\" class=\"elementor elementor-10637\">\n\t\t\t\t\t\t\t\t\t<section class=\"elementor-section elementor-top-section elementor-element elementor-element-923c3c8 elementor-section-boxed elementor-section-height-default elementor-section-height-default\" data-id=\"923c3c8\" data-element_type=\"section\" data-settings=\"{&quot;motion_fx_motion_fx_scrolling&quot;:&quot;yes&quot;,&quot;motion_fx_translateY_effect&quot;:&quot;yes&quot;,&quot;motion_fx_translateY_speed&quot;:{&quot;unit&quot;:&quot;px&quot;,&quot;size&quot;:1.5,&quot;sizes&quot;:[]},&quot;motion_fx_translateY_affectedRange&quot;:{&quot;unit&quot;:&quot;%&quot;,&quot;size&quot;:&quot;&quot;,&quot;sizes&quot;:{&quot;start&quot;:0,&quot;end&quot;:100}},&quot;motion_fx_devices&quot;:[&quot;desktop&quot;,&quot;tablet&quot;,&quot;mobile&quot;]}\">\n\t\t\t\t\t\t<div class=\"elementor-container elementor-column-gap-default\">\n\t\t\t\t\t<div class=\"elementor-column elementor-col-50 elementor-top-column elementor-element elementor-element-e967f81\" data-id=\"e967f81\" data-element_type=\"column\">\n\t\t\t<div class=\"elementor-widget-wrap elementor-element-populated\">\n\t\t\t\t\t\t\t\t<div class=\"elementor-element elementor-element-584a50d elementor-widget elementor-widget-heading\" data-id=\"584a50d\" data-element_type=\"widget\" data-widget_type=\"heading.default\">\n\t\t\t\t<div class=\"elementor-widget-container\">\n\t\t\t<style>\/*! elementor - v3.12.1 - 02-04-2023 *\/\n.elementor-heading-title{padding:0;margin:0;line-height:1}.elementor-widget-heading .elementor-heading-title[class*=elementor-size-]>a{color:inherit;font-size:inherit;line-height:inherit}.elementor-widget-heading .elementor-heading-title.elementor-size-small{font-size:15px}.elementor-widget-heading .elementor-heading-title.elementor-size-medium{font-size:19px}.elementor-widget-heading .elementor-heading-title.elementor-size-large{font-size:29px}.elementor-widget-heading .elementor-heading-title.elementor-size-xl{font-size:39px}.elementor-widget-heading .elementor-heading-title.elementor-size-xxl{font-size:59px}<\/style><h1 class=\"elementor-heading-title elementor-size-default\">Terapia para Madres y Padres Primerizas(os)<\/h1>\t\t<\/div>\n\t\t\t\t<\/div>\n\t\t\t\t<div class=\"elementor-element elementor-element-88122fa elementor-widget elementor-widget-heading\" data-id=\"88122fa\" data-element_type=\"widget\" data-widget_type=\"heading.default\">\n\t\t\t\t<div class=\"elementor-widget-container\">\n\t\t\t<h4 class=\"elementor-heading-title elementor-size-default\">Abordando la transici\u00f3n a la maternidad\/paternidad y fortaleciendo las relaciones<\/h4>\t\t<\/div>\n\t\t\t\t<\/div>\n\t\t\t\t\t<\/div>\n\t\t<\/div>\n\t\t\t\t<div class=\"elementor-column elementor-col-50 elementor-top-column elementor-element elementor-element-d2ee967\" data-id=\"d2ee967\" data-element_type=\"column\">\n\t\t\t<div class=\"elementor-widget-wrap elementor-element-populated\">\n\t\t\t\t\t\t\t\t<div class=\"elementor-element elementor-element-8b10741 elementor-widget elementor-widget-image\" data-id=\"8b10741\" data-element_type=\"widget\" data-widget_type=\"image.default\">\n\t\t\t\t<div class=\"elementor-widget-container\">\n\t\t\t<style>\/*! elementor - v3.12.1 - 02-04-2023 *\/\n.elementor-widget-image{text-align:center}.elementor-widget-image a{display:inline-block}.elementor-widget-image a img[src$=\".svg\"]{width:48px}.elementor-widget-image img{vertical-align:middle;display:inline-block}<\/style>\t\t\t\t\t\t\t\t\t\t\t\t<img loading=\"lazy\" decoding=\"async\" width=\"800\" height=\"572\" src=\"https:\/\/explorecolibri.com\/wp-content\/uploads\/2023\/03\/white-teddy-bear-with-ultrasound-and-multicolored-shoesjpg-1024x732.jpg\" class=\"attachment-large size-large wp-image-11417\" alt=\"\" srcset=\"https:\/\/explorecolibri.com\/wp-content\/uploads\/2023\/03\/white-teddy-bear-with-ultrasound-and-multicolored-shoesjpg-1024x732.jpg 1024w, https:\/\/explorecolibri.com\/wp-content\/uploads\/2023\/03\/white-teddy-bear-with-ultrasound-and-multicolored-shoesjpg-300x214.jpg 300w, https:\/\/explorecolibri.com\/wp-content\/uploads\/2023\/03\/white-teddy-bear-with-ultrasound-and-multicolored-shoesjpg-768x549.jpg 768w, https:\/\/explorecolibri.com\/wp-content\/uploads\/2023\/03\/white-teddy-bear-with-ultrasound-and-multicolored-shoesjpg-1536x1097.jpg 1536w, https:\/\/explorecolibri.com\/wp-content\/uploads\/2023\/03\/white-teddy-bear-with-ultrasound-and-multicolored-shoesjpg-18x12.jpg 18w, https:\/\/explorecolibri.com\/wp-content\/uploads\/2023\/03\/white-teddy-bear-with-ultrasound-and-multicolored-shoesjpg.jpg 2000w\" sizes=\"auto, (max-width: 800px) 100vw, 800px\" \/>\t\t\t\t\t\t\t\t\t\t\t\t\t\t\t<\/div>\n\t\t\t\t<\/div>\n\t\t\t\t\t<\/div>\n\t\t<\/div>\n\t\t\t\t\t\t\t<\/div>\n\t\t<\/section>\n\t\t\t\t<section class=\"elementor-section elementor-top-section elementor-element elementor-element-320ea631 elementor-section-boxed elementor-section-height-default elementor-section-height-default\" data-id=\"320ea631\" data-element_type=\"section\" data-settings=\"{&quot;background_background&quot;:&quot;classic&quot;,&quot;shape_divider_bottom&quot;:&quot;opacity-fan&quot;}\">\n\t\t\t\t\t\t\t<div class=\"elementor-background-overlay\"><\/div>\n\t\t\t\t\t\t<div class=\"elementor-shape elementor-shape-bottom\" data-negative=\"false\">\n\t\t\t<svg xmlns=\"http:\/\/www.w3.org\/2000\/svg\" viewbox=\"0 0 283.5 19.6\" preserveaspectratio=\"none\">\n\t<path class=\"elementor-shape-fill\" style=\"opacity:0.33\" d=\"M0 0L0 18.8 141.8 4.1 283.5 18.8 283.5 0z\"\/>\n\t<path class=\"elementor-shape-fill\" style=\"opacity:0.33\" d=\"M0 0L0 12.6 141.8 4 283.5 12.6 283.5 0z\"\/>\n\t<path class=\"elementor-shape-fill\" style=\"opacity:0.33\" d=\"M0 0L0 6.4 141.8 4 283.5 6.4 283.5 0z\"\/>\n\t<path class=\"elementor-shape-fill\" d=\"M0 0L0 1.2 141.8 4 283.5 1.2 283.5 0z\"\/>\n<\/svg>\t\t<\/div>\n\t\t\t\t\t<div class=\"elementor-container elementor-column-gap-default\">\n\t\t\t\t\t<div class=\"elementor-column elementor-col-100 elementor-top-column elementor-element elementor-element-12bd8182\" data-id=\"12bd8182\" data-element_type=\"column\">\n\t\t\t<div class=\"elementor-widget-wrap elementor-element-populated\">\n\t\t\t\t\t\t\t\t<section class=\"elementor-section elementor-inner-section elementor-element elementor-element-42998f6c elementor-section-boxed elementor-section-height-default elementor-section-height-default\" data-id=\"42998f6c\" data-element_type=\"section\" data-settings=\"{&quot;background_background&quot;:&quot;classic&quot;}\">\n\t\t\t\t\t\t<div class=\"elementor-container elementor-column-gap-default\">\n\t\t\t\t\t<div class=\"elementor-column elementor-col-100 elementor-inner-column elementor-element elementor-element-131c7d66\" data-id=\"131c7d66\" data-element_type=\"column\">\n\t\t\t<div class=\"elementor-widget-wrap elementor-element-populated\">\n\t\t\t\t\t\t\t\t<div class=\"elementor-element elementor-element-4b13fbe0 elementor-widget elementor-widget-text-editor\" data-id=\"4b13fbe0\" data-element_type=\"widget\" data-widget_type=\"text-editor.default\">\n\t\t\t\t<div class=\"elementor-widget-container\">\n\t\t\t<style>\/*! elementor - v3.12.1 - 02-04-2023 *\/\n.elementor-widget-text-editor.elementor-drop-cap-view-stacked .elementor-drop-cap{background-color:#69727d;color:#fff}.elementor-widget-text-editor.elementor-drop-cap-view-framed .elementor-drop-cap{color:#69727d;border:3px solid;background-color:transparent}.elementor-widget-text-editor:not(.elementor-drop-cap-view-default) .elementor-drop-cap{margin-top:8px}.elementor-widget-text-editor:not(.elementor-drop-cap-view-default) .elementor-drop-cap-letter{width:1em;height:1em}.elementor-widget-text-editor .elementor-drop-cap{float:left;text-align:center;line-height:1;font-size:50px}.elementor-widget-text-editor .elementor-drop-cap-letter{display:inline-block}<\/style>\t\t\t\t<p>El camino hacia la maternidad\/paternidad puede traer nuevos retos a una relaci\u00f3n de pareja. En CTT, ofrecemos terapia de pareja que brinda apoyo durante las etapas de espera y la llegada de un nuevo miembro de la familia, ayud\u00e1ndole a gestionar expectativas y a fortalecer su relaci\u00f3n.\u00a0<\/p><p>Nuestros servicios de terapia ofrecen:<\/p><ul><li aria-level=\"1\">Consejer\u00eda prenatal y apoyo posparto para prepararse y adaptarse a la maternidad\/paternidad.\u00a0<\/li><li aria-level=\"1\">Orientaci\u00f3n para gestionar expectativas y mejorar la din\u00e1mica de la relaci\u00f3n.\u00a0<\/li><li aria-level=\"1\">T\u00e9cnicas para una comunicaci\u00f3n efectiva mientras se adaptan a sus nuevos roles.<\/li><\/ul><p>\u00a0<\/p><p>Para m\u00e1s recursos sobre la salud mental perinatal, visite <span style=\"color: #9246c2;\"><a href=\"https:\/\/www.postpartum.net\/learn-more\/\" target=\"_blank\" rel=\"noopener\"><span style=\"text-decoration: underline;\">Postpartum Support International<\/span><\/a><\/span> y <a href=\"https:\/\/mycare.mmhnow.org\/index.html\" target=\"_blank\" rel=\"noopener\"><span style=\"text-decoration: underline;\">Maternal Mental Health NOW<\/span><\/a><span style=\"color: #000000;\">.<\/span><\/p>\t\t\t\t\t\t<\/div>\n\t\t\t\t<\/div>\n\t\t\t\t<div class=\"elementor-element elementor-element-2ab1bc8 elementor-align-center elementor-widget elementor-widget-button\" data-id=\"2ab1bc8\" data-element_type=\"widget\" data-widget_type=\"button.default\">\n\t\t\t\t<div class=\"elementor-widget-container\">\n\t\t\t\t\t<div class=\"elementor-button-wrapper\">\n\t\t\t<a href=\"https:\/\/explorecolibri.com\/es\/contact\/\" class=\"elementor-button-link elementor-button elementor-size-md elementor-animation-grow\" role=\"button\">\n\t\t\t\t\t\t<span class=\"elementor-button-content-wrapper\">\n\t\t\t\t\t\t\t<span class=\"elementor-button-icon elementor-align-icon-left\">\n\t\t\t\t<i aria-hidden=\"true\" class=\"far fa-comments\"><\/i>\t\t\t<\/span>\n\t\t\t\t\t\t<span class=\"elementor-button-text\">Cont\u00e1ctenos hoy para agendar una consulta gratuita de 15 minutos<\/span>\n\t\t<\/span>\n\t\t\t\t\t<\/a>\n\t\t<\/div>\n\t\t\t\t<\/div>\n\t\t\t\t<\/div>\n\t\t\t\t\t<\/div>\n\t\t<\/div>\n\t\t\t\t\t\t\t<\/div>\n\t\t<\/section>\n\t\t\t\t<div class=\"elementor-element elementor-element-d1d76fe elementor-widget elementor-widget-spacer\" data-id=\"d1d76fe\" data-element_type=\"widget\" data-widget_type=\"spacer.default\">\n\t\t\t\t<div class=\"elementor-widget-container\">\n\t\t\t<style>\/*! elementor - v3.12.1 - 02-04-2023 *\/\n.elementor-column .elementor-spacer-inner{height:var(--spacer-size)}.e-con{--container-widget-width:100%}.e-con-inner>.elementor-widget-spacer,.e-con>.elementor-widget-spacer{width:var(--container-widget-width,var(--spacer-size));--align-self:var(--container-widget-align-self,initial);--flex-shrink:0}.e-con-inner>.elementor-widget-spacer>.elementor-widget-container,.e-con-inner>.elementor-widget-spacer>.elementor-widget-container>.elementor-spacer,.e-con>.elementor-widget-spacer>.elementor-widget-container,.e-con>.elementor-widget-spacer>.elementor-widget-container>.elementor-spacer{height:100%}.e-con-inner>.elementor-widget-spacer>.elementor-widget-container>.elementor-spacer>.elementor-spacer-inner,.e-con>.elementor-widget-spacer>.elementor-widget-container>.elementor-spacer>.elementor-spacer-inner{height:var(--container-widget-height,var(--spacer-size))}<\/style>\t\t<div class=\"elementor-spacer\">\n\t\t\t<div class=\"elementor-spacer-inner\"><\/div>\n\t\t<\/div>\n\t\t\t\t<\/div>\n\t\t\t\t<\/div>\n\t\t\t\t\t<\/div>\n\t\t<\/div>\n\t\t\t\t\t\t\t<\/div>\n\t\t<\/section>\n\t\t\t\t\t\t\t<\/div>","protected":false},"excerpt":{"rendered":"<p>Couples Therapy for Expecting and New Parents Navigating the Transition to Parenthood and Building Stronger Relationships Navigating the journey to parenthood can be challenging. Our couples therapy offers support through the transitions of expecting and welcoming a new member to your family, helping you manage expectations and strengthen your relationship.\u00a0 Our therapy services offer: Pre-birth [&hellip;]<\/p>","protected":false},"author":1,"featured_media":0,"parent":11165,"menu_order":0,"comment_status":"closed","ping_status":"closed","template":"","meta":{"footnotes":""},"class_list":["post-10637","page","type-page","status-publish","hentry"],"_links":{"self":[{"href":"https:\/\/explorecolibri.com\/es\/wp-json\/wp\/v2\/pages\/10637","targetHints":{"allow":["GET"]}}],"collection":[{"href":"https:\/\/explorecolibri.com\/es\/wp-json\/wp\/v2\/pages"}],"about":[{"href":"https:\/\/explorecolibri.com\/es\/wp-json\/wp\/v2\/types\/page"}],"author":[{"embeddable":true,"href":"https:\/\/explorecolibri.com\/es\/wp-json\/wp\/v2\/users\/1"}],"replies":[{"embeddable":true,"href":"https:\/\/explorecolibri.com\/es\/wp-json\/wp\/v2\/comments?post=10637"}],"version-history":[{"count":65,"href":"https:\/\/explorecolibri.com\/es\/wp-json\/wp\/v2\/pages\/10637\/revisions"}],"predecessor-version":[{"id":11851,"href":"https:\/\/explorecolibri.com\/es\/wp-json\/wp\/v2\/pages\/10637\/revisions\/11851"}],"up":[{"embeddable":true,"href":"https:\/\/explorecolibri.com\/es\/wp-json\/wp\/v2\/pages\/11165"}],"wp:attachment":[{"href":"https:\/\/explorecolibri.com\/es\/wp-json\/wp\/v2\/media?parent=10637"}],"curies":[{"name":"wp","href":"https:\/\/api.w.org\/{rel}","templated":true}]}}