{"id":10947,"date":"2023-03-21T17:43:33","date_gmt":"2023-03-21T17:43:33","guid":{"rendered":"https:\/\/explorecolibri.com\/?page_id=10947"},"modified":"2024-06-22T17:43:35","modified_gmt":"2024-06-22T17:43:35","slug":"dr-gabriela-lopez-zeron","status":"publish","type":"page","link":"https:\/\/explorecolibri.com\/es\/about\/dr-gabriela-lopez-zeron\/","title":{"rendered":"Dra. Gabriela L\u00f3pez-Zer\u00f3n"},"content":{"rendered":"<div data-elementor-type=\"wp-page\" data-elementor-id=\"10947\" class=\"elementor elementor-10947\">\n\t\t\t\t\t\t\t\t\t<section class=\"elementor-section elementor-top-section elementor-element elementor-element-191a913 elementor-section-boxed elementor-section-height-default elementor-section-height-default\" data-id=\"191a913\" data-element_type=\"section\">\n\t\t\t\t\t\t<div class=\"elementor-container elementor-column-gap-default\">\n\t\t\t\t\t<div class=\"elementor-column elementor-col-100 elementor-top-column elementor-element elementor-element-1df6e0a\" data-id=\"1df6e0a\" data-element_type=\"column\">\n\t\t\t<div class=\"elementor-widget-wrap elementor-element-populated\">\n\t\t\t\t\t\t\t\t<div class=\"elementor-element elementor-element-dfb73c1 elementor-widget elementor-widget-spacer\" data-id=\"dfb73c1\" data-element_type=\"widget\" data-widget_type=\"spacer.default\">\n\t\t\t\t<div class=\"elementor-widget-container\">\n\t\t\t<style>\/*! elementor - v3.12.1 - 02-04-2023 *\/\n.elementor-column .elementor-spacer-inner{height:var(--spacer-size)}.e-con{--container-widget-width:100%}.e-con-inner>.elementor-widget-spacer,.e-con>.elementor-widget-spacer{width:var(--container-widget-width,var(--spacer-size));--align-self:var(--container-widget-align-self,initial);--flex-shrink:0}.e-con-inner>.elementor-widget-spacer>.elementor-widget-container,.e-con-inner>.elementor-widget-spacer>.elementor-widget-container>.elementor-spacer,.e-con>.elementor-widget-spacer>.elementor-widget-container,.e-con>.elementor-widget-spacer>.elementor-widget-container>.elementor-spacer{height:100%}.e-con-inner>.elementor-widget-spacer>.elementor-widget-container>.elementor-spacer>.elementor-spacer-inner,.e-con>.elementor-widget-spacer>.elementor-widget-container>.elementor-spacer>.elementor-spacer-inner{height:var(--container-widget-height,var(--spacer-size))}<\/style>\t\t<div class=\"elementor-spacer\">\n\t\t\t<div class=\"elementor-spacer-inner\"><\/div>\n\t\t<\/div>\n\t\t\t\t<\/div>\n\t\t\t\t<\/div>\n\t\t\t\t<section class=\"elementor-section elementor-inner-section elementor-element elementor-element-3dc8236 elementor-section-boxed elementor-section-height-default elementor-section-height-default\" data-id=\"3dc8236\" data-element_type=\"section\">\n\t\t\t\t\t\t<div class=\"elementor-container elementor-column-gap-default\">\n\t\t\t\t\t<div class=\"elementor-column elementor-col-50 elementor-inner-column elementor-element elementor-element-4a4bd3e\" data-id=\"4a4bd3e\" data-element_type=\"column\">\n\t\t\t<div class=\"elementor-widget-wrap elementor-element-populated\">\n\t\t\t\t\t\t\t\t<div class=\"elementor-element elementor-element-c28d169 elementor-widget elementor-widget-image\" data-id=\"c28d169\" data-element_type=\"widget\" data-widget_type=\"image.default\">\n\t\t\t\t<div class=\"elementor-widget-container\">\n\t\t\t<style>\/*! elementor - v3.12.1 - 02-04-2023 *\/\n.elementor-widget-image{text-align:center}.elementor-widget-image a{display:inline-block}.elementor-widget-image a img[src$=\".svg\"]{width:48px}.elementor-widget-image img{vertical-align:middle;display:inline-block}<\/style>\t\t\t\t\t\t\t\t\t\t\t\t<img loading=\"lazy\" decoding=\"async\" width=\"573\" height=\"573\" src=\"https:\/\/explorecolibri.com\/wp-content\/uploads\/2022\/03\/1620051618475.jpg\" class=\"attachment-large size-large wp-image-10145\" alt=\"Dr. Gabriela L\u00f3pez-Zer\u00f3n smiling\" srcset=\"https:\/\/explorecolibri.com\/wp-content\/uploads\/2022\/03\/1620051618475.jpg 573w, https:\/\/explorecolibri.com\/wp-content\/uploads\/2022\/03\/1620051618475-300x300.jpg 300w, https:\/\/explorecolibri.com\/wp-content\/uploads\/2022\/03\/1620051618475-150x150.jpg 150w, https:\/\/explorecolibri.com\/wp-content\/uploads\/2022\/03\/1620051618475-12x12.jpg 12w, https:\/\/explorecolibri.com\/wp-content\/uploads\/2022\/03\/1620051618475-473x473.jpg 473w\" sizes=\"auto, (max-width: 573px) 100vw, 573px\" \/>\t\t\t\t\t\t\t\t\t\t\t\t\t\t\t<\/div>\n\t\t\t\t<\/div>\n\t\t\t\t<div class=\"elementor-element elementor-element-7f12962 elementor-widget elementor-widget-heading\" data-id=\"7f12962\" data-element_type=\"widget\" data-widget_type=\"heading.default\">\n\t\t\t\t<div class=\"elementor-widget-container\">\n\t\t\t<style>\/*! elementor - v3.12.1 - 02-04-2023 *\/\n.elementor-heading-title{padding:0;margin:0;line-height:1}.elementor-widget-heading .elementor-heading-title[class*=elementor-size-]>a{color:inherit;font-size:inherit;line-height:inherit}.elementor-widget-heading .elementor-heading-title.elementor-size-small{font-size:15px}.elementor-widget-heading .elementor-heading-title.elementor-size-medium{font-size:19px}.elementor-widget-heading .elementor-heading-title.elementor-size-large{font-size:29px}.elementor-widget-heading .elementor-heading-title.elementor-size-xl{font-size:39px}.elementor-widget-heading .elementor-heading-title.elementor-size-xxl{font-size:59px}<\/style><h2 class=\"elementor-heading-title elementor-size-default\">P\u00f3ngase en contacto con la Dra. L\u00f3pez-Zer\u00f3n<\/h2>\t\t<\/div>\n\t\t\t\t<\/div>\n\t\t\t\t<div class=\"elementor-element elementor-element-6ab9f7e elementor-widget elementor-widget-text-editor\" data-id=\"6ab9f7e\" data-element_type=\"widget\" data-widget_type=\"text-editor.default\">\n\t\t\t\t<div class=\"elementor-widget-container\">\n\t\t\t<style>\/*! elementor - v3.12.1 - 02-04-2023 *\/\n.elementor-widget-text-editor.elementor-drop-cap-view-stacked .elementor-drop-cap{background-color:#69727d;color:#fff}.elementor-widget-text-editor.elementor-drop-cap-view-framed .elementor-drop-cap{color:#69727d;border:3px solid;background-color:transparent}.elementor-widget-text-editor:not(.elementor-drop-cap-view-default) .elementor-drop-cap{margin-top:8px}.elementor-widget-text-editor:not(.elementor-drop-cap-view-default) .elementor-drop-cap-letter{width:1em;height:1em}.elementor-widget-text-editor .elementor-drop-cap{float:left;text-align:center;line-height:1;font-size:50px}.elementor-widget-text-editor .elementor-drop-cap-letter{display:inline-block}<\/style>\t\t\t\t<p><strong>Gabriela L\u00f3pez-Zer\u00f3n, PhD, LMFT<\/strong><br \/><a href=\"tel:517-258-2197\"><span style=\"text-decoration: underline;\">(517) 258-2197<\/span><\/a><br \/><a href=\"mailto:glz@explorecolibri.com\" target=\"_blank\" rel=\"noopener\"><span style=\"text-decoration: underline;\">glz@explorecolibri.com<\/span><\/a><\/p><p><strong>Tarifas \/ Honorarios:<\/strong><br \/>Consulta telef\u00f3nica inicial: Gratis<br \/>Sesi\u00f3n de admisi\u00f3n (individual y de pareja): $230<br \/>Sesi\u00f3n de 60 minutos (individual y de pareja): $200<\/p>\t\t\t\t\t\t<\/div>\n\t\t\t\t<\/div>\n\t\t\t\t<div class=\"elementor-element elementor-element-007fd05 elementor-align-center elementor-hidden-mobile elementor-widget elementor-widget-button\" data-id=\"007fd05\" data-element_type=\"widget\" data-widget_type=\"button.default\">\n\t\t\t\t<div class=\"elementor-widget-container\">\n\t\t\t\t\t<div class=\"elementor-button-wrapper\">\n\t\t\t<a href=\"https:\/\/explorecolibri.com\/es\/contact\/\" class=\"elementor-button-link elementor-button elementor-size-md elementor-animation-grow\" role=\"button\">\n\t\t\t\t\t\t<span class=\"elementor-button-content-wrapper\">\n\t\t\t\t\t\t\t<span class=\"elementor-button-icon elementor-align-icon-left\">\n\t\t\t\t<i aria-hidden=\"true\" class=\"far fa-comments\"><\/i>\t\t\t<\/span>\n\t\t\t\t\t\t<span class=\"elementor-button-text\">Programe su consulta gratuita de 15 minutos<\/span>\n\t\t<\/span>\n\t\t\t\t\t<\/a>\n\t\t<\/div>\n\t\t\t\t<\/div>\n\t\t\t\t<\/div>\n\t\t\t\t\t<\/div>\n\t\t<\/div>\n\t\t\t\t<div class=\"elementor-column elementor-col-50 elementor-inner-column elementor-element elementor-element-a4848f2\" data-id=\"a4848f2\" data-element_type=\"column\">\n\t\t\t<div class=\"elementor-widget-wrap elementor-element-populated\">\n\t\t\t\t\t\t\t\t<div class=\"elementor-element elementor-element-73ae962 elementor-widget elementor-widget-heading\" data-id=\"73ae962\" data-element_type=\"widget\" data-widget_type=\"heading.default\">\n\t\t\t\t<div class=\"elementor-widget-container\">\n\t\t\t<h2 class=\"elementor-heading-title elementor-size-default\">Acerca de la Dra. Gabriela L\u00f3pez-Zer\u00f3n<\/h2>\t\t<\/div>\n\t\t\t\t<\/div>\n\t\t\t\t<div class=\"elementor-element elementor-element-5f36645 elementor-widget elementor-widget-text-editor\" data-id=\"5f36645\" data-element_type=\"widget\" data-widget_type=\"text-editor.default\">\n\t\t\t\t<div class=\"elementor-widget-container\">\n\t\t\t\t\t\t\t<p>Dr. Gabriela L\u00f3pez-Zer\u00f3n is the founder of Colibri Therapy &amp; Training. With a PhD in Human Development and Family Studies, specializing in Couples and Family Therapy from Michigan State University, she brings deep expertise to her role as a mental health therapist and researcher. Dr. L\u00f3pez-Zer\u00f3n is dedicated to supporting individuals, couples, and families navigate life\u2019s complexities.\u00a0\u00a0\u00a0<\/p><p>En Colibr\u00ed Therapy &amp; Training, ofrece un amplio espectro de servicios que incluyen terapia individual, de pareja, familiar, y evaluaciones psicosociales para procesos de inmigraci\u00f3n. Su pr\u00e1ctica se fundamenta en los principios de inclusi\u00f3n y equidad, brindando cuidados afirmativos a inmigrantes, personas neurodivergentes y miembros de la comunidad LGBTQI+.\u00a0<\/p><p>Bas\u00e1ndose en sus propias experiencias como inmigrante latina neurodivergente, la Dra. L\u00f3pez-Zer\u00f3n tiene un entendimiento matizado de la interacci\u00f3n entre identidades diversas y expectativas culturales. Ella propicia un entorno acogedor donde sus clientes se sienten empoderadas(os) para explorar sus aspiraciones, sus miedos y trabajar hacia sus metas. Su enfoque terap\u00e9utico integra t\u00e9cnicas Narrativas y Colaborativas, adem\u00e1s de la Terapia Enfocada en las Emociones, con el objetivo de ayudar a sus clientes a abordar sus desaf\u00edos personales, fortalecer su resiliencia y mejorar su bienestar integral.\u00a0<\/p><p>Fuera de su consultorio cl\u00ednico, la Dra. L\u00f3pez-Zer\u00f3n participa activamente en fomentar la justicia ling\u00fc\u00edstica y la equidad a trav\u00e9s de sus trabajo en <a href=\"https:\/\/spottedstrategies.com\"><span style=\"text-decoration: underline;\">Spotted Wings Strategies<\/span><\/a>, donde brinda servicios de consultor\u00eda en temas de investigaci\u00f3n, evaluaci\u00f3n, planificaci\u00f3n estrat\u00e9gica y fortalecimiento de capacidades de manera colaborativa.<\/p>\t\t\t\t\t\t<\/div>\n\t\t\t\t<\/div>\n\t\t\t\t\t<\/div>\n\t\t<\/div>\n\t\t\t\t\t\t\t<\/div>\n\t\t<\/section>\n\t\t\t\t\t<\/div>\n\t\t<\/div>\n\t\t\t\t\t\t\t<\/div>\n\t\t<\/section>\n\t\t\t\t\t\t\t<\/div>","protected":false},"excerpt":{"rendered":"<p>Get in touch with Gabriela Gabriela L\u00f3pez-Zer\u00f3n, PhD, LMFT(517) 258-2197glz@explorecolibri.com Rates \/ Fees:Initial phone conversation: FreeIntake (individual &amp; couples): $23060 minute session (individuals &amp; couples): $200 Schedule Your Free 15 Minute Consultation About Dr. Gabriela L\u00f3pez-Zer\u00f3n Dr. Gabriela L\u00f3pez-Zer\u00f3n is the founder of Colibri Therapy &amp; Training. With a PhD in Human Development and Family [&hellip;]<\/p>","protected":false},"author":1,"featured_media":0,"parent":178,"menu_order":0,"comment_status":"closed","ping_status":"closed","template":"","meta":{"footnotes":""},"class_list":["post-10947","page","type-page","status-publish","hentry"],"_links":{"self":[{"href":"https:\/\/explorecolibri.com\/es\/wp-json\/wp\/v2\/pages\/10947","targetHints":{"allow":["GET"]}}],"collection":[{"href":"https:\/\/explorecolibri.com\/es\/wp-json\/wp\/v2\/pages"}],"about":[{"href":"https:\/\/explorecolibri.com\/es\/wp-json\/wp\/v2\/types\/page"}],"author":[{"embeddable":true,"href":"https:\/\/explorecolibri.com\/es\/wp-json\/wp\/v2\/users\/1"}],"replies":[{"embeddable":true,"href":"https:\/\/explorecolibri.com\/es\/wp-json\/wp\/v2\/comments?post=10947"}],"version-history":[{"count":56,"href":"https:\/\/explorecolibri.com\/es\/wp-json\/wp\/v2\/pages\/10947\/revisions"}],"predecessor-version":[{"id":11892,"href":"https:\/\/explorecolibri.com\/es\/wp-json\/wp\/v2\/pages\/10947\/revisions\/11892"}],"up":[{"embeddable":true,"href":"https:\/\/explorecolibri.com\/es\/wp-json\/wp\/v2\/pages\/178"}],"wp:attachment":[{"href":"https:\/\/explorecolibri.com\/es\/wp-json\/wp\/v2\/media?parent=10947"}],"curies":[{"name":"wp","href":"https:\/\/api.w.org\/{rel}","templated":true}]}}