{"id":178,"date":"2020-09-17T10:39:29","date_gmt":"2020-09-17T10:39:29","guid":{"rendered":"https:\/\/everse.deothemes.com\/?page_id=178"},"modified":"2024-06-22T14:27:46","modified_gmt":"2024-06-22T14:27:46","slug":"about","status":"publish","type":"page","link":"https:\/\/explorecolibri.com\/es\/about\/","title":{"rendered":"Acerca de"},"content":{"rendered":"<div data-elementor-type=\"wp-page\" data-elementor-id=\"178\" class=\"elementor elementor-178\">\n\t\t\t\t\t\t\t\t\t<section class=\"elementor-section elementor-top-section elementor-element elementor-element-5b520ec elementor-section-boxed elementor-section-height-default elementor-section-height-default\" data-id=\"5b520ec\" data-element_type=\"section\">\n\t\t\t\t\t\t<div class=\"elementor-container elementor-column-gap-default\">\n\t\t\t\t\t<div class=\"elementor-column elementor-col-100 elementor-top-column elementor-element elementor-element-06e171c\" data-id=\"06e171c\" data-element_type=\"column\">\n\t\t\t<div class=\"elementor-widget-wrap elementor-element-populated\">\n\t\t\t\t\t\t\t\t<section class=\"elementor-section elementor-inner-section elementor-element elementor-element-5977bd7 elementor-reverse-tablet elementor-reverse-mobile elementor-section-boxed elementor-section-height-default elementor-section-height-default\" data-id=\"5977bd7\" data-element_type=\"section\">\n\t\t\t\t\t\t<div class=\"elementor-container elementor-column-gap-default\">\n\t\t\t\t\t<div class=\"elementor-column elementor-col-50 elementor-inner-column elementor-element elementor-element-63bfe6e\" data-id=\"63bfe6e\" data-element_type=\"column\">\n\t\t\t<div class=\"elementor-widget-wrap elementor-element-populated\">\n\t\t\t\t\t\t\t\t<div class=\"elementor-element elementor-element-61bac5c elementor-widget elementor-widget-heading\" data-id=\"61bac5c\" data-element_type=\"widget\" data-widget_type=\"heading.default\">\n\t\t\t\t<div class=\"elementor-widget-container\">\n\t\t\t<style>\/*! elementor - v3.12.1 - 02-04-2023 *\/\n.elementor-heading-title{padding:0;margin:0;line-height:1}.elementor-widget-heading .elementor-heading-title[class*=elementor-size-]>a{color:inherit;font-size:inherit;line-height:inherit}.elementor-widget-heading .elementor-heading-title.elementor-size-small{font-size:15px}.elementor-widget-heading .elementor-heading-title.elementor-size-medium{font-size:19px}.elementor-widget-heading .elementor-heading-title.elementor-size-large{font-size:29px}.elementor-widget-heading .elementor-heading-title.elementor-size-xl{font-size:39px}.elementor-widget-heading .elementor-heading-title.elementor-size-xxl{font-size:59px}<\/style><h2 class=\"elementor-heading-title elementor-size-default\">Acerca de <br>Colibr\u00ed Therapy &amp; Training<\/h2>\t\t<\/div>\n\t\t\t\t<\/div>\n\t\t\t\t<div class=\"elementor-element elementor-element-c9ec6d1 elementor-widget elementor-widget-text-editor\" data-id=\"c9ec6d1\" data-element_type=\"widget\" data-widget_type=\"text-editor.default\">\n\t\t\t\t<div class=\"elementor-widget-container\">\n\t\t\t<style>\/*! elementor - v3.12.1 - 02-04-2023 *\/\n.elementor-widget-text-editor.elementor-drop-cap-view-stacked .elementor-drop-cap{background-color:#69727d;color:#fff}.elementor-widget-text-editor.elementor-drop-cap-view-framed .elementor-drop-cap{color:#69727d;border:3px solid;background-color:transparent}.elementor-widget-text-editor:not(.elementor-drop-cap-view-default) .elementor-drop-cap{margin-top:8px}.elementor-widget-text-editor:not(.elementor-drop-cap-view-default) .elementor-drop-cap-letter{width:1em;height:1em}.elementor-widget-text-editor .elementor-drop-cap{float:left;text-align:center;line-height:1;font-size:50px}.elementor-widget-text-editor .elementor-drop-cap-letter{display:inline-block}<\/style>\t\t\t\t<p>Colibr\u00ed Therapy &amp; Training (CTT) es un centro terap\u00e9utico comprometido con ofrecer servicios que <b>respetan la diversidad cultural<\/b> <b>y afirman la neurodiversidad.<\/b> Bajo la direcci\u00f3n de la Dra. Gabriela L\u00f3pez-Zer\u00f3n, terapeuta biling\u00fce e inmigrante, brindamos atenci\u00f3n en l\u00ednea en espa\u00f1ol e ingl\u00e9s, especializ\u00e1ndonos en terapia individual, de pareja y familiar, as\u00ed como en evaluaciones psicol\u00f3gicas detalladas para tr\u00e1mites migratorios.\u00a0<\/p><p>Adaptamos nuestro enfoque para respetar la complejidad de las identidades, historias y vivencias de cada persona. Nos dedicamos a crear un espacio acogedor y seguro donde pueda cuidarse y crecer mientras explora su mundo interior y sus relaciones en un entorno que promueve el apoyo mutuo.<\/p>\t\t\t\t\t\t<\/div>\n\t\t\t\t<\/div>\n\t\t\t\t<div class=\"elementor-element elementor-element-bf2204e elementor-align-center elementor-widget elementor-widget-button\" data-id=\"bf2204e\" data-element_type=\"widget\" data-widget_type=\"button.default\">\n\t\t\t\t<div class=\"elementor-widget-container\">\n\t\t\t\t\t<div class=\"elementor-button-wrapper\">\n\t\t\t<a href=\"https:\/\/explorecolibri.com\/es\/therapy-services\/\" class=\"elementor-button-link elementor-button elementor-size-md elementor-animation-grow\" role=\"button\">\n\t\t\t\t\t\t<span class=\"elementor-button-content-wrapper\">\n\t\t\t\t\t\t\t<span class=\"elementor-button-icon elementor-align-icon-left\">\n\t\t\t\t<i aria-hidden=\"true\" class=\"far fa-comments\"><\/i>\t\t\t<\/span>\n\t\t\t\t\t\t<span class=\"elementor-button-text\">Aprenda m\u00e1s sobre los servicios de CTT<\/span>\n\t\t<\/span>\n\t\t\t\t\t<\/a>\n\t\t<\/div>\n\t\t\t\t<\/div>\n\t\t\t\t<\/div>\n\t\t\t\t\t<\/div>\n\t\t<\/div>\n\t\t\t\t<div class=\"elementor-column elementor-col-50 elementor-inner-column elementor-element elementor-element-5da8f9f\" data-id=\"5da8f9f\" data-element_type=\"column\">\n\t\t\t<div class=\"elementor-widget-wrap elementor-element-populated\">\n\t\t\t\t\t\t\t\t<div class=\"elementor-element elementor-element-c982d67 elementor-widget elementor-widget-image\" data-id=\"c982d67\" data-element_type=\"widget\" data-widget_type=\"image.default\">\n\t\t\t\t<div class=\"elementor-widget-container\">\n\t\t\t<style>\/*! elementor - v3.12.1 - 02-04-2023 *\/\n.elementor-widget-image{text-align:center}.elementor-widget-image a{display:inline-block}.elementor-widget-image a img[src$=\".svg\"]{width:48px}.elementor-widget-image img{vertical-align:middle;display:inline-block}<\/style>\t\t\t\t\t\t\t\t\t\t\t\t<img loading=\"lazy\" decoding=\"async\" width=\"800\" height=\"800\" src=\"https:\/\/explorecolibri.com\/wp-content\/uploads\/2023\/03\/compass-1024x1024.jpg\" class=\"attachment-large size-large wp-image-10900\" alt=\"\" srcset=\"https:\/\/explorecolibri.com\/wp-content\/uploads\/2023\/03\/compass-1024x1024.jpg 1024w, https:\/\/explorecolibri.com\/wp-content\/uploads\/2023\/03\/compass-300x300.jpg 300w, https:\/\/explorecolibri.com\/wp-content\/uploads\/2023\/03\/compass-150x150.jpg 150w, https:\/\/explorecolibri.com\/wp-content\/uploads\/2023\/03\/compass-768x768.jpg 768w, https:\/\/explorecolibri.com\/wp-content\/uploads\/2023\/03\/compass-1536x1536.jpg 1536w, https:\/\/explorecolibri.com\/wp-content\/uploads\/2023\/03\/compass-2048x2048.jpg 2048w, https:\/\/explorecolibri.com\/wp-content\/uploads\/2023\/03\/compass-12x12.jpg 12w, https:\/\/explorecolibri.com\/wp-content\/uploads\/2023\/03\/compass-473x473.jpg 473w, https:\/\/explorecolibri.com\/wp-content\/uploads\/2023\/03\/compass-900x900.jpg 900w\" sizes=\"auto, (max-width: 800px) 100vw, 800px\" \/>\t\t\t\t\t\t\t\t\t\t\t\t\t\t\t<\/div>\n\t\t\t\t<\/div>\n\t\t\t\t\t<\/div>\n\t\t<\/div>\n\t\t\t\t\t\t\t<\/div>\n\t\t<\/section>\n\t\t\t\t\t<\/div>\n\t\t<\/div>\n\t\t\t\t\t\t\t<\/div>\n\t\t<\/section>\n\t\t\t\t<section class=\"elementor-section elementor-top-section elementor-element elementor-element-6ae58e2 elementor-section-boxed elementor-section-height-default elementor-section-height-default\" data-id=\"6ae58e2\" data-element_type=\"section\" data-settings=\"{&quot;background_background&quot;:&quot;classic&quot;,&quot;shape_divider_top&quot;:&quot;waves&quot;}\">\n\t\t\t\t\t\t\t<div class=\"elementor-background-overlay\"><\/div>\n\t\t\t\t\t\t<div class=\"elementor-shape elementor-shape-top\" data-negative=\"false\">\n\t\t\t<svg xmlns=\"http:\/\/www.w3.org\/2000\/svg\" viewbox=\"0 0 1000 100\" preserveaspectratio=\"none\">\n\t<path class=\"elementor-shape-fill\" d=\"M421.9,6.5c22.6-2.5,51.5,0.4,75.5,5.3c23.6,4.9,70.9,23.5,100.5,35.7c75.8,32.2,133.7,44.5,192.6,49.7\tc23.6,2.1,48.7,3.5,103.4-2.5c54.7-6,106.2-25.6,106.2-25.6V0H0v30.3c0,0,72,32.6,158.4,30.5c39.2-0.7,92.8-6.7,134-22.4\tc21.2-8.1,52.2-18.2,79.7-24.2C399.3,7.9,411.6,7.5,421.9,6.5z\"\/>\n<\/svg>\t\t<\/div>\n\t\t\t\t\t<div class=\"elementor-container elementor-column-gap-default\">\n\t\t\t\t\t<div class=\"elementor-column elementor-col-100 elementor-top-column elementor-element elementor-element-fdcf6eb\" data-id=\"fdcf6eb\" data-element_type=\"column\">\n\t\t\t<div class=\"elementor-widget-wrap elementor-element-populated\">\n\t\t\t\t\t\t\t\t<div class=\"elementor-element elementor-element-b744c10 elementor-widget elementor-widget-spacer\" data-id=\"b744c10\" data-element_type=\"widget\" data-widget_type=\"spacer.default\">\n\t\t\t\t<div class=\"elementor-widget-container\">\n\t\t\t<style>\/*! elementor - v3.12.1 - 02-04-2023 *\/\n.elementor-column .elementor-spacer-inner{height:var(--spacer-size)}.e-con{--container-widget-width:100%}.e-con-inner>.elementor-widget-spacer,.e-con>.elementor-widget-spacer{width:var(--container-widget-width,var(--spacer-size));--align-self:var(--container-widget-align-self,initial);--flex-shrink:0}.e-con-inner>.elementor-widget-spacer>.elementor-widget-container,.e-con-inner>.elementor-widget-spacer>.elementor-widget-container>.elementor-spacer,.e-con>.elementor-widget-spacer>.elementor-widget-container,.e-con>.elementor-widget-spacer>.elementor-widget-container>.elementor-spacer{height:100%}.e-con-inner>.elementor-widget-spacer>.elementor-widget-container>.elementor-spacer>.elementor-spacer-inner,.e-con>.elementor-widget-spacer>.elementor-widget-container>.elementor-spacer>.elementor-spacer-inner{height:var(--container-widget-height,var(--spacer-size))}<\/style>\t\t<div class=\"elementor-spacer\">\n\t\t\t<div class=\"elementor-spacer-inner\"><\/div>\n\t\t<\/div>\n\t\t\t\t<\/div>\n\t\t\t\t<\/div>\n\t\t\t\t<div class=\"elementor-element elementor-element-261eab1 elementor-widget elementor-widget-heading\" data-id=\"261eab1\" data-element_type=\"widget\" data-widget_type=\"heading.default\">\n\t\t\t\t<div class=\"elementor-widget-container\">\n\t\t\t<h2 class=\"elementor-heading-title elementor-size-default\">Acerca de nuestro logo<\/h2>\t\t<\/div>\n\t\t\t\t<\/div>\n\t\t\t\t<section class=\"elementor-section elementor-inner-section elementor-element elementor-element-24da51b elementor-section-boxed elementor-section-height-default elementor-section-height-default\" data-id=\"24da51b\" data-element_type=\"section\">\n\t\t\t\t\t\t<div class=\"elementor-container elementor-column-gap-default\">\n\t\t\t\t\t<div class=\"elementor-column elementor-col-50 elementor-inner-column elementor-element elementor-element-7ef381b\" data-id=\"7ef381b\" data-element_type=\"column\" data-settings=\"{&quot;background_background&quot;:&quot;classic&quot;}\">\n\t\t\t<div class=\"elementor-widget-wrap elementor-element-populated\">\n\t\t\t\t\t\t\t\t<div class=\"elementor-element elementor-element-9b42705 elementor-widget elementor-widget-image\" data-id=\"9b42705\" data-element_type=\"widget\" data-widget_type=\"image.default\">\n\t\t\t\t<div class=\"elementor-widget-container\">\n\t\t\t\t\t\t\t\t\t\t\t\t\t\t\t<img loading=\"lazy\" decoding=\"async\" width=\"800\" height=\"800\" src=\"https:\/\/explorecolibri.com\/wp-content\/uploads\/2023\/03\/logo-circle-1024x1024.png\" class=\"attachment-large size-large wp-image-10931\" alt=\"\" srcset=\"https:\/\/explorecolibri.com\/wp-content\/uploads\/2023\/03\/logo-circle-1024x1024.png 1024w, https:\/\/explorecolibri.com\/wp-content\/uploads\/2023\/03\/logo-circle-300x300.png 300w, https:\/\/explorecolibri.com\/wp-content\/uploads\/2023\/03\/logo-circle-150x150.png 150w, https:\/\/explorecolibri.com\/wp-content\/uploads\/2023\/03\/logo-circle-768x768.png 768w, https:\/\/explorecolibri.com\/wp-content\/uploads\/2023\/03\/logo-circle-1536x1536.png 1536w, https:\/\/explorecolibri.com\/wp-content\/uploads\/2023\/03\/logo-circle-12x12.png 12w, https:\/\/explorecolibri.com\/wp-content\/uploads\/2023\/03\/logo-circle-473x473.png 473w, https:\/\/explorecolibri.com\/wp-content\/uploads\/2023\/03\/logo-circle-900x900.png 900w, https:\/\/explorecolibri.com\/wp-content\/uploads\/2023\/03\/logo-circle.png 1545w\" sizes=\"auto, (max-width: 800px) 100vw, 800px\" \/>\t\t\t\t\t\t\t\t\t\t\t\t\t\t\t<\/div>\n\t\t\t\t<\/div>\n\t\t\t\t\t<\/div>\n\t\t<\/div>\n\t\t\t\t<div class=\"elementor-column elementor-col-50 elementor-inner-column elementor-element elementor-element-5f7965f\" data-id=\"5f7965f\" data-element_type=\"column\">\n\t\t\t<div class=\"elementor-widget-wrap elementor-element-populated\">\n\t\t\t\t\t\t\t\t<div class=\"elementor-element elementor-element-03f2b6a elementor-widget__width-initial elementor-widget elementor-widget-text-editor\" data-id=\"03f2b6a\" data-element_type=\"widget\" data-widget_type=\"text-editor.default\">\n\t\t\t\t<div class=\"elementor-widget-container\">\n\t\t\t\t\t\t\t<p>El <em>colibr\u00ed<\/em> simboliza los valores fundamentales de nuestra pr\u00e1ctica. Nuestro logo se inspira en el <a href=\"https:\/\/ebird.org\/species\/honeme1\" target=\"_blank\" rel=\"noopener\"><span style=\"text-decoration: underline;\">Esmeralda Hondure\u00f1o<\/span><\/a>, un ave vibrante y resistente, nativa de Am\u00e9rica Central y en peligro de extinci\u00f3n en su entorno natural. A pesar de su peque\u00f1o tama\u00f1o, este p\u00e1jaro florece en una variedad de ambientes, demostrando una fuerza, agilidad y tenacidad excepcionales. <\/p><p>Los colibr\u00edes se destacan por su capacidad de maniobra con impresionante precisi\u00f3n \u2014 pueden flotar en el aire, volar hacia atr\u00e1s y hasta invertidos, lo cual evidencia su adaptabilidad y elegancia. Sus plumas iridiscentes, que cambian de color y capturan la luz, provocan admiraci\u00f3n y simbolizan la alegr\u00eda, el amor y la belleza trascendente de la naturaleza. No es de extra\u00f1ar que el colibr\u00ed tenga m\u00faltiples significados simb\u00f3licos. <a href=\"https:\/\/hondurasisgreat.org\/leyenda-maya-colibri\/\" target=\"_blank\" rel=\"noopener\"><span style=\"text-decoration: underline;\">Seg\u00fan la mitolog\u00eda maya<\/span>,<\/a> los colibr\u00edes son vistos como mensajeros y portadores de amor, alegr\u00eda y sanaci\u00f3n \u2014 atributos que resuenan profundamente con nuestra metodolog\u00eda terap\u00e9utica.<\/p><p>En Colibr\u00ed Therapy &amp; Training, el colibr\u00ed es emblema de nuestra fortaleza y resiliencia internas. Nos motiva a enfrentar los cambios de la vida con creatividad y firmeza, y a buscar armon\u00eda en los desaf\u00edos que enfrentamos. Es un recordatorio constante de que, al igual que el colibr\u00ed, podemos prosperar en ambientes diversos y superar adversidades con gracia y coraje.<\/p>\t\t\t\t\t\t<\/div>\n\t\t\t\t<\/div>\n\t\t\t\t\t<\/div>\n\t\t<\/div>\n\t\t\t\t\t\t\t<\/div>\n\t\t<\/section>\n\t\t\t\t\t<\/div>\n\t\t<\/div>\n\t\t\t\t\t\t\t<\/div>\n\t\t<\/section>\n\t\t\t\t\t\t\t<\/div>","protected":false},"excerpt":{"rendered":"<p>About Colibr\u00ed Therapy &amp; Training Colibr\u00ed Therapy &amp; Training (CTT) is a practice committed to providing inclusive, culturally-responsive, neurodiversity-affirming therapeutic services. Led by Dr. Gabriela L\u00f3pez-Zer\u00f3n, a bilingual immigrant therapist, we offer online services in Spanish and English, focusing on individual, couples, and family therapy alongside comprehensive psychological immigration evaluations.\u00a0 Our approach is tailored to [&hellip;]<\/p>","protected":false},"author":1,"featured_media":0,"parent":0,"menu_order":0,"comment_status":"closed","ping_status":"closed","template":"","meta":{"footnotes":""},"class_list":["post-178","page","type-page","status-publish","hentry"],"_links":{"self":[{"href":"https:\/\/explorecolibri.com\/es\/wp-json\/wp\/v2\/pages\/178","targetHints":{"allow":["GET"]}}],"collection":[{"href":"https:\/\/explorecolibri.com\/es\/wp-json\/wp\/v2\/pages"}],"about":[{"href":"https:\/\/explorecolibri.com\/es\/wp-json\/wp\/v2\/types\/page"}],"author":[{"embeddable":true,"href":"https:\/\/explorecolibri.com\/es\/wp-json\/wp\/v2\/users\/1"}],"replies":[{"embeddable":true,"href":"https:\/\/explorecolibri.com\/es\/wp-json\/wp\/v2\/comments?post=178"}],"version-history":[{"count":140,"href":"https:\/\/explorecolibri.com\/es\/wp-json\/wp\/v2\/pages\/178\/revisions"}],"predecessor-version":[{"id":11885,"href":"https:\/\/explorecolibri.com\/es\/wp-json\/wp\/v2\/pages\/178\/revisions\/11885"}],"wp:attachment":[{"href":"https:\/\/explorecolibri.com\/es\/wp-json\/wp\/v2\/media?parent=178"}],"curies":[{"name":"wp","href":"https:\/\/api.w.org\/{rel}","templated":true}]}}