{"id":220,"date":"2020-09-18T07:22:38","date_gmt":"2020-09-18T07:22:38","guid":{"rendered":"https:\/\/everse.deothemes.com\/?page_id=220"},"modified":"2024-06-22T03:53:31","modified_gmt":"2024-06-22T03:53:31","slug":"contact","status":"publish","type":"page","link":"https:\/\/explorecolibri.com\/es\/contact\/","title":{"rendered":"Contact"},"content":{"rendered":"<div data-elementor-type=\"wp-page\" data-elementor-id=\"220\" class=\"elementor elementor-220\">\n\t\t\t\t\t\t\t\t\t<section class=\"elementor-section elementor-top-section elementor-element elementor-element-36b0dbc elementor-section-boxed elementor-section-height-default elementor-section-height-default\" data-id=\"36b0dbc\" data-element_type=\"section\">\n\t\t\t\t\t\t<div class=\"elementor-container elementor-column-gap-default\">\n\t\t\t\t\t<div class=\"elementor-column elementor-col-100 elementor-top-column elementor-element elementor-element-779416f\" data-id=\"779416f\" data-element_type=\"column\">\n\t\t\t<div class=\"elementor-widget-wrap elementor-element-populated\">\n\t\t\t\t\t\t\t\t<div class=\"elementor-element elementor-element-a57cdc3 elementor-widget elementor-widget-spacer\" data-id=\"a57cdc3\" data-element_type=\"widget\" data-widget_type=\"spacer.default\">\n\t\t\t\t<div class=\"elementor-widget-container\">\n\t\t\t<style>\/*! elementor - v3.12.1 - 02-04-2023 *\/\n.elementor-column .elementor-spacer-inner{height:var(--spacer-size)}.e-con{--container-widget-width:100%}.e-con-inner>.elementor-widget-spacer,.e-con>.elementor-widget-spacer{width:var(--container-widget-width,var(--spacer-size));--align-self:var(--container-widget-align-self,initial);--flex-shrink:0}.e-con-inner>.elementor-widget-spacer>.elementor-widget-container,.e-con-inner>.elementor-widget-spacer>.elementor-widget-container>.elementor-spacer,.e-con>.elementor-widget-spacer>.elementor-widget-container,.e-con>.elementor-widget-spacer>.elementor-widget-container>.elementor-spacer{height:100%}.e-con-inner>.elementor-widget-spacer>.elementor-widget-container>.elementor-spacer>.elementor-spacer-inner,.e-con>.elementor-widget-spacer>.elementor-widget-container>.elementor-spacer>.elementor-spacer-inner{height:var(--container-widget-height,var(--spacer-size))}<\/style>\t\t<div class=\"elementor-spacer\">\n\t\t\t<div class=\"elementor-spacer-inner\"><\/div>\n\t\t<\/div>\n\t\t\t\t<\/div>\n\t\t\t\t<\/div>\n\t\t\t\t<div class=\"elementor-element elementor-element-8f7e149 elementor-widget elementor-widget-heading\" data-id=\"8f7e149\" data-element_type=\"widget\" data-widget_type=\"heading.default\">\n\t\t\t\t<div class=\"elementor-widget-container\">\n\t\t\t<style>\/*! elementor - v3.12.1 - 02-04-2023 *\/\n.elementor-heading-title{padding:0;margin:0;line-height:1}.elementor-widget-heading .elementor-heading-title[class*=elementor-size-]>a{color:inherit;font-size:inherit;line-height:inherit}.elementor-widget-heading .elementor-heading-title.elementor-size-small{font-size:15px}.elementor-widget-heading .elementor-heading-title.elementor-size-medium{font-size:19px}.elementor-widget-heading .elementor-heading-title.elementor-size-large{font-size:29px}.elementor-widget-heading .elementor-heading-title.elementor-size-xl{font-size:39px}.elementor-widget-heading .elementor-heading-title.elementor-size-xxl{font-size:59px}<\/style><h1 class=\"elementor-heading-title elementor-size-default\">P\u00f3ngase en contacto con nosotros.<\/h1>\t\t<\/div>\n\t\t\t\t<\/div>\n\t\t\t\t<div class=\"elementor-element elementor-element-4ceef86 elementor-widget elementor-widget-text-editor\" data-id=\"4ceef86\" data-element_type=\"widget\" data-widget_type=\"text-editor.default\">\n\t\t\t\t<div class=\"elementor-widget-container\">\n\t\t\t<style>\/*! elementor - v3.12.1 - 02-04-2023 *\/\n.elementor-widget-text-editor.elementor-drop-cap-view-stacked .elementor-drop-cap{background-color:#69727d;color:#fff}.elementor-widget-text-editor.elementor-drop-cap-view-framed .elementor-drop-cap{color:#69727d;border:3px solid;background-color:transparent}.elementor-widget-text-editor:not(.elementor-drop-cap-view-default) .elementor-drop-cap{margin-top:8px}.elementor-widget-text-editor:not(.elementor-drop-cap-view-default) .elementor-drop-cap-letter{width:1em;height:1em}.elementor-widget-text-editor .elementor-drop-cap{float:left;text-align:center;line-height:1;font-size:50px}.elementor-widget-text-editor .elementor-drop-cap-letter{display:inline-block}<\/style>\t\t\t\t<p>\u00a1Esperamos poder conectar con usted!<\/p><p>Si desea saber m\u00e1s sobre CTT, puede comunicarse con nuestro consultorio al <a href=\"tel:517-258-2197\">517-258-2197<\/a> o <a href=\"mailto:contact@explorecolibri.com\" target=\"_blank\" rel=\"noopener\">contact@explorecolibri.com<\/a>. Tambi\u00e9n puede enviar un mensaje en l\u00ednea a trav\u00e9s del formulario a continuaci\u00f3n para programar una consulta telef\u00f3nica inicial gratuita de 15 minutos. Normalmente respondemos a los mensajes en un plazo de 1 a 3 d\u00edas.<\/p><p><b>Tenga en cuenta que el correo electr\u00f3nico\/este formulario no es un medio de comunicaci\u00f3n confidencial y est\u00e1 destinado s\u00f3lo para consultas generales.<\/b><\/p>\t\t\t\t\t\t<\/div>\n\t\t\t\t<\/div>\n\t\t\t\t<div class=\"elementor-element elementor-element-601bf25 elementor-widget elementor-widget-spacer\" data-id=\"601bf25\" data-element_type=\"widget\" data-widget_type=\"spacer.default\">\n\t\t\t\t<div class=\"elementor-widget-container\">\n\t\t\t\t\t<div class=\"elementor-spacer\">\n\t\t\t<div class=\"elementor-spacer-inner\"><\/div>\n\t\t<\/div>\n\t\t\t\t<\/div>\n\t\t\t\t<\/div>\n\t\t\t\t\t<\/div>\n\t\t<\/div>\n\t\t\t\t\t\t\t<\/div>\n\t\t<\/section>\n\t\t\t\t<section class=\"elementor-section elementor-top-section elementor-element elementor-element-463a697 elementor-section-boxed elementor-section-height-default elementor-section-height-default\" data-id=\"463a697\" data-element_type=\"section\" data-settings=\"{&quot;background_background&quot;:&quot;classic&quot;,&quot;shape_divider_bottom&quot;:&quot;opacity-tilt&quot;}\">\n\t\t\t\t\t\t\t<div class=\"elementor-background-overlay\"><\/div>\n\t\t\t\t\t\t<div class=\"elementor-shape elementor-shape-bottom\" data-negative=\"false\">\n\t\t\t<svg xmlns=\"http:\/\/www.w3.org\/2000\/svg\" viewbox=\"0 0 2600 131.1\" preserveaspectratio=\"none\">\n\t<path class=\"elementor-shape-fill\" d=\"M0 0L2600 0 2600 69.1 0 0z\"\/>\n\t<path class=\"elementor-shape-fill\" style=\"opacity:0.5\" d=\"M0 0L2600 0 2600 69.1 0 69.1z\"\/>\n\t<path class=\"elementor-shape-fill\" style=\"opacity:0.25\" d=\"M2600 0L0 0 0 130.1 2600 69.1z\"\/>\n<\/svg>\t\t<\/div>\n\t\t\t\t\t<div class=\"elementor-container elementor-column-gap-wide\">\n\t\t\t\t\t<div class=\"elementor-column elementor-col-100 elementor-top-column elementor-element elementor-element-9ecd6c1\" data-id=\"9ecd6c1\" data-element_type=\"column\">\n\t\t\t<div class=\"elementor-widget-wrap elementor-element-populated\">\n\t\t\t\t\t\t\t\t<section class=\"elementor-section elementor-inner-section elementor-element elementor-element-e619e87 elementor-section-boxed elementor-section-height-default elementor-section-height-default\" data-id=\"e619e87\" data-element_type=\"section\" data-settings=\"{&quot;background_background&quot;:&quot;classic&quot;}\">\n\t\t\t\t\t\t<div class=\"elementor-container elementor-column-gap-default\">\n\t\t\t\t\t<div class=\"elementor-column elementor-col-50 elementor-inner-column elementor-element elementor-element-6dc6afd\" data-id=\"6dc6afd\" data-element_type=\"column\" data-settings=\"{&quot;background_background&quot;:&quot;classic&quot;}\">\n\t\t\t<div class=\"elementor-widget-wrap\">\n\t\t\t\t\t<div class=\"elementor-background-overlay\"><\/div>\n\t\t\t\t\t\t\t\t\t<\/div>\n\t\t<\/div>\n\t\t\t\t<div class=\"elementor-column elementor-col-50 elementor-inner-column elementor-element elementor-element-f264b91\" data-id=\"f264b91\" data-element_type=\"column\" data-settings=\"{&quot;background_background&quot;:&quot;classic&quot;}\">\n\t\t\t<div class=\"elementor-widget-wrap elementor-element-populated\">\n\t\t\t\t\t\t\t\t<div class=\"elementor-element elementor-element-3bf5a63 elementor-widget elementor-widget-wpforms\" data-id=\"3bf5a63\" data-element_type=\"widget\" data-widget_type=\"wpforms.default\">\n\t\t\t\t<div class=\"elementor-widget-container\">\n\t\t\t<div class=\"wpforms-container\" id=\"wpforms-357\"><form id=\"wpforms-form-357\" class=\"wpforms-validate wpforms-form\" data-formid=\"357\" method=\"post\" enctype=\"multipart\/form-data\" action=\"\/es\/wp-json\/wp\/v2\/pages\/220\" data-token=\"c729d95b6b37a92f15d2ed0b59892954\" data-trp-original-action=\"\/es\/wp-json\/wp\/v2\/pages\/220\"><noscript class=\"wpforms-error-noscript\">Please enable JavaScript in your browser to complete this form.<\/noscript><div class=\"wpforms-field-container\"><div id=\"wpforms-357-field_0-container\" class=\"wpforms-field wpforms-field-name\" data-field-id=\"0\"><label class=\"wpforms-field-label\" for=\"wpforms-357-field_0\">Nombre<\/label><input type=\"text\" id=\"wpforms-357-field_0\" class=\"wpforms-field-large\" name=\"wpforms[fields][0]\" placeholder=\"E.g. Luca Onelo\" ><\/div><div id=\"wpforms-357-field_1-container\" class=\"wpforms-field wpforms-field-email\" data-field-id=\"1\"><label class=\"wpforms-field-label\" for=\"wpforms-357-field_1\">Direcci\u00f3n de correo electr\u00f3nico<\/label><input type=\"email\" id=\"wpforms-357-field_1\" class=\"wpforms-field-large\" name=\"wpforms[fields][1]\" placeholder=\"E.g. luca@onelo.com\" spellcheck=\"false\" ><\/div><div id=\"wpforms-357-field_3-container\" class=\"wpforms-field wpforms-field-text\" data-field-id=\"3\"><label class=\"wpforms-field-label\" for=\"wpforms-357-field_3\">N\u00famero de Tel\u00e9fono<\/label><input type=\"text\" id=\"wpforms-357-field_3\" class=\"wpforms-field-large wpforms-masked-input\" data-rule-inputmask-incomplete=\"1\" data-inputmask-mask=\"(999) 999-9999\" name=\"wpforms[fields][3]\" placeholder=\"E.g. (555) 555-5555\" ><\/div><div id=\"wpforms-357-field_9-container\" class=\"wpforms-field wpforms-field-checkbox\" data-field-id=\"9\"><label class=\"wpforms-field-label\" for=\"wpforms-357-field_9\">M\u00e9todo(s) de comunicaci\u00f3n de preferencia<\/label><ul id=\"wpforms-357-field_9\"><li class=\"choice-1 depth-1\"><input type=\"checkbox\" id=\"wpforms-357-field_9_1\" name=\"wpforms[fields][9][]\" value=\"Email\"  ><label class=\"wpforms-field-label-inline\" for=\"wpforms-357-field_9_1\">Correo electr\u00f3nico<\/label><\/li><li class=\"choice-2 depth-1\"><input type=\"checkbox\" id=\"wpforms-357-field_9_2\" name=\"wpforms[fields][9][]\" value=\"Phone Call\"  ><label class=\"wpforms-field-label-inline\" for=\"wpforms-357-field_9_2\">Llamada telef\u00f3nica<\/label><\/li><li class=\"choice-3 depth-1\"><input type=\"checkbox\" id=\"wpforms-357-field_9_3\" name=\"wpforms[fields][9][]\" value=\"Text Message\"  ><label class=\"wpforms-field-label-inline\" for=\"wpforms-357-field_9_3\">Mensaje de texto<\/label><\/li><\/ul><\/div><div id=\"wpforms-357-field_2-container\" class=\"wpforms-field wpforms-field-textarea\" data-field-id=\"2\"><label class=\"wpforms-field-label\" for=\"wpforms-357-field_2\">\u00bfQu\u00e9 d\u00edas y horarios le convendr\u00eda para que nos pongamos en contacto con usted?<\/label><textarea id=\"wpforms-357-field_2\" class=\"wpforms-field-medium\" name=\"wpforms[fields][2]\" ><\/textarea><\/div><div id=\"wpforms-357-field_5-container\" class=\"wpforms-field wpforms-field-checkbox\" data-field-id=\"5\"><label class=\"wpforms-field-label\" for=\"wpforms-357-field_5\">\u00bfQu\u00e9 servicios est\u00e1 buscando?<\/label><ul id=\"wpforms-357-field_5\"><li class=\"choice-1 depth-1\"><input type=\"checkbox\" id=\"wpforms-357-field_5_1\" name=\"wpforms[fields][5][]\" value=\"Individual Therapy\"  ><label class=\"wpforms-field-label-inline\" for=\"wpforms-357-field_5_1\">Terapia individual<\/label><\/li><li class=\"choice-2 depth-1\"><input type=\"checkbox\" id=\"wpforms-357-field_5_2\" name=\"wpforms[fields][5][]\" value=\"Couples Therapy\"  ><label class=\"wpforms-field-label-inline\" for=\"wpforms-357-field_5_2\">Terapia de pareja<\/label><\/li><li class=\"choice-7 depth-1\"><input type=\"checkbox\" id=\"wpforms-357-field_5_7\" name=\"wpforms[fields][5][]\" value=\"Psychological Immigration Evaluation\"  ><label class=\"wpforms-field-label-inline\" for=\"wpforms-357-field_5_7\">Evaluaci\u00f3n psicol\u00f3gica para inmigraci\u00f3n<\/label><\/li><\/ul><div class=\"wpforms-field-description\">Por favor, seleccione todos los servicios que le interesar\u00eda discutir durante su consulta gratuita.<\/div><\/div><div id=\"wpforms-357-field_4-container\" class=\"wpforms-field wpforms-field-textarea\" data-field-id=\"4\"><label class=\"wpforms-field-label\" for=\"wpforms-357-field_4\">\u00bfCu\u00e1les son sus objetivos para su trabajo con CTT?\n\u00bfQu\u00e9 m\u00e1s le gustar\u00eda que supi\u00e9ramos sobre usted?<\/label><textarea id=\"wpforms-357-field_4\" class=\"wpforms-field-medium\" name=\"wpforms[fields][4]\" ><\/textarea><\/div><\/div><!-- .wpforms-field-container --><div class=\"wpforms-recaptcha-container wpforms-is-recaptcha\" ><div class=\"g-recaptcha\" data-sitekey=\"6LeGsP4pAAAAADiyB2lH20VCQYv0Ss1xYKptqvrn\"><\/div><input type=\"text\" name=\"g-recaptcha-hidden\" class=\"wpforms-recaptcha-hidden\" style=\"position:absolute!important;clip:rect(0,0,0,0)!important;height:1px!important;width:1px!important;border:0!important;overflow:hidden!important;padding:0!important;margin:0!important;\" data-rule-recaptcha=\"1\"><\/div><div class=\"wpforms-submit-container\" ><input type=\"hidden\" name=\"wpforms[id]\" value=\"357\"><input type=\"hidden\" name=\"wpforms[author]\" value=\"1\"><button type=\"submit\" name=\"wpforms[submit]\" id=\"wpforms-submit-357\" class=\"wpforms-submit\" data-alt-text=\"Sending...\" data-submit-text=\"Submit\" aria-live=\"assertive\" value=\"wpforms-submit\">Enviar<\/button><\/div><input type=\"hidden\" name=\"trp-form-language\" value=\"es\"\/><\/form><\/div>  <!-- .wpforms-container -->\t\t<\/div>\n\t\t\t\t<\/div>\n\t\t\t\t\t<\/div>\n\t\t<\/div>\n\t\t\t\t\t\t\t<\/div>\n\t\t<\/section>\n\t\t\t\t<div class=\"elementor-element elementor-element-ceae242 elementor-widget elementor-widget-spacer\" data-id=\"ceae242\" data-element_type=\"widget\" data-widget_type=\"spacer.default\">\n\t\t\t\t<div class=\"elementor-widget-container\">\n\t\t\t\t\t<div class=\"elementor-spacer\">\n\t\t\t<div class=\"elementor-spacer-inner\"><\/div>\n\t\t<\/div>\n\t\t\t\t<\/div>\n\t\t\t\t<\/div>\n\t\t\t\t\t<\/div>\n\t\t<\/div>\n\t\t\t\t\t\t\t<\/div>\n\t\t<\/section>\n\t\t\t\t\t\t\t<\/div>","protected":false},"excerpt":{"rendered":"<p>Get in touch with us. We look forward to connecting with you! If you are interested in working together or want to learn more about CTT, you can reach us at 517-258-2197 or contact@explorecolibri.com. You can also send a message online via the form below to schedule a free 15-minute initial phone consultation. We typically [&hellip;]<\/p>","protected":false},"author":1,"featured_media":0,"parent":0,"menu_order":0,"comment_status":"closed","ping_status":"closed","template":"","meta":{"footnotes":""},"class_list":["post-220","page","type-page","status-publish","hentry"],"_links":{"self":[{"href":"https:\/\/explorecolibri.com\/es\/wp-json\/wp\/v2\/pages\/220","targetHints":{"allow":["GET"]}}],"collection":[{"href":"https:\/\/explorecolibri.com\/es\/wp-json\/wp\/v2\/pages"}],"about":[{"href":"https:\/\/explorecolibri.com\/es\/wp-json\/wp\/v2\/types\/page"}],"author":[{"embeddable":true,"href":"https:\/\/explorecolibri.com\/es\/wp-json\/wp\/v2\/users\/1"}],"replies":[{"embeddable":true,"href":"https:\/\/explorecolibri.com\/es\/wp-json\/wp\/v2\/comments?post=220"}],"version-history":[{"count":54,"href":"https:\/\/explorecolibri.com\/es\/wp-json\/wp\/v2\/pages\/220\/revisions"}],"predecessor-version":[{"id":11834,"href":"https:\/\/explorecolibri.com\/es\/wp-json\/wp\/v2\/pages\/220\/revisions\/11834"}],"wp:attachment":[{"href":"https:\/\/explorecolibri.com\/es\/wp-json\/wp\/v2\/media?parent=220"}],"curies":[{"name":"wp","href":"https:\/\/api.w.org\/{rel}","templated":true}]}}